{"id":2348,"date":"2025-04-04T15:52:58","date_gmt":"2025-04-04T13:52:58","guid":{"rendered":"https:\/\/rallyebaretous.fr\/?page_id=2348"},"modified":"2026-05-01T20:40:18","modified_gmt":"2026-05-01T18:40:18","slug":"carte-acces","status":"publish","type":"page","link":"https:\/\/rallyebaretous.fr\/?page_id=2348","title":{"rendered":"Carte acc\u00e8s"},"content":{"rendered":"\t\t<div data-elementor-type=\"wp-page\" data-elementor-id=\"2348\" class=\"elementor elementor-2348\" data-elementor-post-type=\"page\">\n\t\t\t\t<div class=\"elementor-element elementor-element-303da4c4 e-flex e-con-boxed e-con e-parent\" data-id=\"303da4c4\" data-element_type=\"container\" data-e-type=\"container\" data-settings=\"{&quot;background_background&quot;:&quot;classic&quot;}\">\n\t\t\t\t\t<div class=\"e-con-inner\">\n\t\t<div class=\"elementor-element elementor-element-1f10da3f e-con-full e-flex e-con e-child\" data-id=\"1f10da3f\" data-element_type=\"container\" data-e-type=\"container\">\n\t\t\t\t<div class=\"elementor-element elementor-element-1cfe6063 elementor-widget elementor-widget-image\" data-id=\"1cfe6063\" data-element_type=\"widget\" data-e-type=\"widget\" data-widget_type=\"image.default\">\n\t\t\t\t<div class=\"elementor-widget-container\">\n\t\t\t\t\t\t\t\t\t\t\t\t\t\t\t<img decoding=\"async\" src=\"https:\/\/rallyebaretous.fr\/wp-content\/uploads\/elementor\/thumbs\/logo-baretous-qmrjivaz1dmxjgmw7er98z38mx6n4bbi3a27n6je60.png\" title=\"logo-baretous\" alt=\"logo-baretous\" loading=\"lazy\" \/>\t\t\t\t\t\t\t\t\t\t\t\t\t\t\t<\/div>\n\t\t\t\t<\/div>\n\t\t\t\t<\/div>\n\t\t<div class=\"elementor-element elementor-element-340dcce3 e-con-full e-flex e-con e-child\" data-id=\"340dcce3\" data-element_type=\"container\" data-e-type=\"container\">\n\t\t\t\t<div class=\"elementor-element elementor-element-5cfd4019 elementor-widget elementor-widget-heading\" data-id=\"5cfd4019\" data-element_type=\"widget\" data-e-type=\"widget\" data-widget_type=\"heading.default\">\n\t\t\t\t<div class=\"elementor-widget-container\">\n\t\t\t\t\t<h1 class=\"elementor-heading-title elementor-size-default\">Ecurie des <br>\nMonts &amp; Vall\u00e9es<\/h1>\t\t\t\t<\/div>\n\t\t\t\t<\/div>\n\t\t\t\t<\/div>\n\t\t<div class=\"elementor-element elementor-element-6f28465 e-con-full e-flex e-con e-child\" data-id=\"6f28465\" data-element_type=\"container\" data-e-type=\"container\">\n\t\t\t\t<div class=\"elementor-element elementor-element-118fc5a9 e-grid-align-right elementor-shape-rounded elementor-grid-0 elementor-widget elementor-widget-social-icons\" data-id=\"118fc5a9\" data-element_type=\"widget\" data-e-type=\"widget\" data-widget_type=\"social-icons.default\">\n\t\t\t\t<div class=\"elementor-widget-container\">\n\t\t\t\t\t\t\t<div class=\"elementor-social-icons-wrapper elementor-grid\" role=\"list\">\n\t\t\t\t\t\t\t<span class=\"elementor-grid-item\" role=\"listitem\">\n\t\t\t\t\t<a class=\"elementor-icon elementor-social-icon elementor-social-icon-facebook elementor-repeater-item-bec5a1f\" href=\"https:\/\/www.facebook.com\/rallyedubaretous\/\" target=\"_blank\">\n\t\t\t\t\t\t<span class=\"elementor-screen-only\">Facebook<\/span>\n\t\t\t\t\t\t<svg aria-hidden=\"true\" class=\"e-font-icon-svg e-fab-facebook\" viewBox=\"0 0 512 512\" xmlns=\"http:\/\/www.w3.org\/2000\/svg\"><path d=\"M504 256C504 119 393 8 256 8S8 119 8 256c0 123.78 90.69 226.38 209.25 245V327.69h-63V256h63v-54.64c0-62.15 37-96.48 93.67-96.48 27.14 0 55.52 4.84 55.52 4.84v61h-31.28c-30.8 0-40.41 19.12-40.41 38.73V256h68.78l-11 71.69h-57.78V501C413.31 482.38 504 379.78 504 256z\"><\/path><\/svg>\t\t\t\t\t<\/a>\n\t\t\t\t<\/span>\n\t\t\t\t\t\t\t<span class=\"elementor-grid-item\" role=\"listitem\">\n\t\t\t\t\t<a class=\"elementor-icon elementor-social-icon elementor-social-icon-instagram elementor-repeater-item-b92e702\" href=\"https:\/\/www.instagram.com\/rallyebaretous_64\/\" target=\"_blank\">\n\t\t\t\t\t\t<span class=\"elementor-screen-only\">Instagram<\/span>\n\t\t\t\t\t\t<svg aria-hidden=\"true\" class=\"e-font-icon-svg e-fab-instagram\" viewBox=\"0 0 448 512\" xmlns=\"http:\/\/www.w3.org\/2000\/svg\"><path d=\"M224.1 141c-63.6 0-114.9 51.3-114.9 114.9s51.3 114.9 114.9 114.9S339 319.5 339 255.9 287.7 141 224.1 141zm0 189.6c-41.1 0-74.7-33.5-74.7-74.7s33.5-74.7 74.7-74.7 74.7 33.5 74.7 74.7-33.6 74.7-74.7 74.7zm146.4-194.3c0 14.9-12 26.8-26.8 26.8-14.9 0-26.8-12-26.8-26.8s12-26.8 26.8-26.8 26.8 12 26.8 26.8zm76.1 27.2c-1.7-35.9-9.9-67.7-36.2-93.9-26.2-26.2-58-34.4-93.9-36.2-37-2.1-147.9-2.1-184.9 0-35.8 1.7-67.6 9.9-93.9 36.1s-34.4 58-36.2 93.9c-2.1 37-2.1 147.9 0 184.9 1.7 35.9 9.9 67.7 36.2 93.9s58 34.4 93.9 36.2c37 2.1 147.9 2.1 184.9 0 35.9-1.7 67.7-9.9 93.9-36.2 26.2-26.2 34.4-58 36.2-93.9 2.1-37 2.1-147.8 0-184.8zM398.8 388c-7.8 19.6-22.9 34.7-42.6 42.6-29.5 11.7-99.5 9-132.1 9s-102.7 2.6-132.1-9c-19.6-7.8-34.7-22.9-42.6-42.6-11.7-29.5-9-99.5-9-132.1s-2.6-102.7 9-132.1c7.8-19.6 22.9-34.7 42.6-42.6 29.5-11.7 99.5-9 132.1-9s102.7-2.6 132.1 9c19.6 7.8 34.7 22.9 42.6 42.6 11.7 29.5 9 99.5 9 132.1s2.7 102.7-9 132.1z\"><\/path><\/svg>\t\t\t\t\t<\/a>\n\t\t\t\t<\/span>\n\t\t\t\t\t\t\t<span class=\"elementor-grid-item\" role=\"listitem\">\n\t\t\t\t\t<a class=\"elementor-icon elementor-social-icon elementor-social-icon-youtube elementor-repeater-item-5a12d8b\" href=\"https:\/\/www.youtube.com\/channel\/UCOpKuHmGVwK__sVXrVMnESg\" target=\"_blank\">\n\t\t\t\t\t\t<span class=\"elementor-screen-only\">Youtube<\/span>\n\t\t\t\t\t\t<svg aria-hidden=\"true\" class=\"e-font-icon-svg e-fab-youtube\" viewBox=\"0 0 576 512\" xmlns=\"http:\/\/www.w3.org\/2000\/svg\"><path d=\"M549.655 124.083c-6.281-23.65-24.787-42.276-48.284-48.597C458.781 64 288 64 288 64S117.22 64 74.629 75.486c-23.497 6.322-42.003 24.947-48.284 48.597-11.412 42.867-11.412 132.305-11.412 132.305s0 89.438 11.412 132.305c6.281 23.65 24.787 41.5 48.284 47.821C117.22 448 288 448 288 448s170.78 0 213.371-11.486c23.497-6.321 42.003-24.171 48.284-47.821 11.412-42.867 11.412-132.305 11.412-132.305s0-89.438-11.412-132.305zm-317.51 213.508V175.185l142.739 81.205-142.739 81.201z\"><\/path><\/svg>\t\t\t\t\t<\/a>\n\t\t\t\t<\/span>\n\t\t\t\t\t<\/div>\n\t\t\t\t\t\t<\/div>\n\t\t\t\t<\/div>\n\t\t\t\t<div class=\"elementor-element elementor-element-6c7b00fd hfe-nav-menu__align-right hfe-nav-menu__breakpoint-none hfe-submenu-icon-arrow hfe-submenu-animation-none hfe-link-redirect-child elementor-widget elementor-widget-navigation-menu\" data-id=\"6c7b00fd\" data-element_type=\"widget\" data-e-type=\"widget\" data-settings=\"{&quot;padding_horizontal_menu_item&quot;:{&quot;unit&quot;:&quot;px&quot;,&quot;size&quot;:15,&quot;sizes&quot;:[]},&quot;padding_horizontal_menu_item_tablet&quot;:{&quot;unit&quot;:&quot;px&quot;,&quot;size&quot;:&quot;&quot;,&quot;sizes&quot;:[]},&quot;padding_horizontal_menu_item_mobile&quot;:{&quot;unit&quot;:&quot;px&quot;,&quot;size&quot;:&quot;&quot;,&quot;sizes&quot;:[]},&quot;padding_vertical_menu_item&quot;:{&quot;unit&quot;:&quot;px&quot;,&quot;size&quot;:15,&quot;sizes&quot;:[]},&quot;padding_vertical_menu_item_tablet&quot;:{&quot;unit&quot;:&quot;px&quot;,&quot;size&quot;:&quot;&quot;,&quot;sizes&quot;:[]},&quot;padding_vertical_menu_item_mobile&quot;:{&quot;unit&quot;:&quot;px&quot;,&quot;size&quot;:&quot;&quot;,&quot;sizes&quot;:[]},&quot;menu_space_between&quot;:{&quot;unit&quot;:&quot;px&quot;,&quot;size&quot;:&quot;&quot;,&quot;sizes&quot;:[]},&quot;menu_space_between_tablet&quot;:{&quot;unit&quot;:&quot;px&quot;,&quot;size&quot;:&quot;&quot;,&quot;sizes&quot;:[]},&quot;menu_space_between_mobile&quot;:{&quot;unit&quot;:&quot;px&quot;,&quot;size&quot;:&quot;&quot;,&quot;sizes&quot;:[]},&quot;menu_row_space&quot;:{&quot;unit&quot;:&quot;px&quot;,&quot;size&quot;:&quot;&quot;,&quot;sizes&quot;:[]},&quot;menu_row_space_tablet&quot;:{&quot;unit&quot;:&quot;px&quot;,&quot;size&quot;:&quot;&quot;,&quot;sizes&quot;:[]},&quot;menu_row_space_mobile&quot;:{&quot;unit&quot;:&quot;px&quot;,&quot;size&quot;:&quot;&quot;,&quot;sizes&quot;:[]},&quot;dropdown_border_radius&quot;:{&quot;unit&quot;:&quot;px&quot;,&quot;top&quot;:&quot;&quot;,&quot;right&quot;:&quot;&quot;,&quot;bottom&quot;:&quot;&quot;,&quot;left&quot;:&quot;&quot;,&quot;isLinked&quot;:true},&quot;dropdown_border_radius_tablet&quot;:{&quot;unit&quot;:&quot;px&quot;,&quot;top&quot;:&quot;&quot;,&quot;right&quot;:&quot;&quot;,&quot;bottom&quot;:&quot;&quot;,&quot;left&quot;:&quot;&quot;,&quot;isLinked&quot;:true},&quot;dropdown_border_radius_mobile&quot;:{&quot;unit&quot;:&quot;px&quot;,&quot;top&quot;:&quot;&quot;,&quot;right&quot;:&quot;&quot;,&quot;bottom&quot;:&quot;&quot;,&quot;left&quot;:&quot;&quot;,&quot;isLinked&quot;:true},&quot;width_dropdown_item&quot;:{&quot;unit&quot;:&quot;px&quot;,&quot;size&quot;:&quot;220&quot;,&quot;sizes&quot;:[]},&quot;width_dropdown_item_tablet&quot;:{&quot;unit&quot;:&quot;px&quot;,&quot;size&quot;:&quot;&quot;,&quot;sizes&quot;:[]},&quot;width_dropdown_item_mobile&quot;:{&quot;unit&quot;:&quot;px&quot;,&quot;size&quot;:&quot;&quot;,&quot;sizes&quot;:[]},&quot;padding_horizontal_dropdown_item&quot;:{&quot;unit&quot;:&quot;px&quot;,&quot;size&quot;:&quot;&quot;,&quot;sizes&quot;:[]},&quot;padding_horizontal_dropdown_item_tablet&quot;:{&quot;unit&quot;:&quot;px&quot;,&quot;size&quot;:&quot;&quot;,&quot;sizes&quot;:[]},&quot;padding_horizontal_dropdown_item_mobile&quot;:{&quot;unit&quot;:&quot;px&quot;,&quot;size&quot;:&quot;&quot;,&quot;sizes&quot;:[]},&quot;padding_vertical_dropdown_item&quot;:{&quot;unit&quot;:&quot;px&quot;,&quot;size&quot;:15,&quot;sizes&quot;:[]},&quot;padding_vertical_dropdown_item_tablet&quot;:{&quot;unit&quot;:&quot;px&quot;,&quot;size&quot;:&quot;&quot;,&quot;sizes&quot;:[]},&quot;padding_vertical_dropdown_item_mobile&quot;:{&quot;unit&quot;:&quot;px&quot;,&quot;size&quot;:&quot;&quot;,&quot;sizes&quot;:[]},&quot;distance_from_menu&quot;:{&quot;unit&quot;:&quot;px&quot;,&quot;size&quot;:&quot;&quot;,&quot;sizes&quot;:[]},&quot;distance_from_menu_tablet&quot;:{&quot;unit&quot;:&quot;px&quot;,&quot;size&quot;:&quot;&quot;,&quot;sizes&quot;:[]},&quot;distance_from_menu_mobile&quot;:{&quot;unit&quot;:&quot;px&quot;,&quot;size&quot;:&quot;&quot;,&quot;sizes&quot;:[]},&quot;toggle_size&quot;:{&quot;unit&quot;:&quot;px&quot;,&quot;size&quot;:&quot;&quot;,&quot;sizes&quot;:[]},&quot;toggle_size_tablet&quot;:{&quot;unit&quot;:&quot;px&quot;,&quot;size&quot;:&quot;&quot;,&quot;sizes&quot;:[]},&quot;toggle_size_mobile&quot;:{&quot;unit&quot;:&quot;px&quot;,&quot;size&quot;:&quot;&quot;,&quot;sizes&quot;:[]},&quot;toggle_border_width&quot;:{&quot;unit&quot;:&quot;px&quot;,&quot;size&quot;:&quot;&quot;,&quot;sizes&quot;:[]},&quot;toggle_border_width_tablet&quot;:{&quot;unit&quot;:&quot;px&quot;,&quot;size&quot;:&quot;&quot;,&quot;sizes&quot;:[]},&quot;toggle_border_width_mobile&quot;:{&quot;unit&quot;:&quot;px&quot;,&quot;size&quot;:&quot;&quot;,&quot;sizes&quot;:[]},&quot;toggle_border_radius&quot;:{&quot;unit&quot;:&quot;px&quot;,&quot;size&quot;:&quot;&quot;,&quot;sizes&quot;:[]},&quot;toggle_border_radius_tablet&quot;:{&quot;unit&quot;:&quot;px&quot;,&quot;size&quot;:&quot;&quot;,&quot;sizes&quot;:[]},&quot;toggle_border_radius_mobile&quot;:{&quot;unit&quot;:&quot;px&quot;,&quot;size&quot;:&quot;&quot;,&quot;sizes&quot;:[]}}\" data-widget_type=\"navigation-menu.default\">\n\t\t\t\t<div class=\"elementor-widget-container\">\n\t\t\t\t\t\t\t\t<div class=\"hfe-nav-menu hfe-layout-horizontal hfe-nav-menu-layout horizontal hfe-pointer__none\" data-layout=\"horizontal\">\n\t\t\t\t<div role=\"button\" class=\"hfe-nav-menu__toggle elementor-clickable\" tabindex=\"0\" aria-label=\"Menu Toggle\">\n\t\t\t\t\t<span class=\"screen-reader-text\">Menu<\/span>\n\t\t\t\t\t<div class=\"hfe-nav-menu-icon\">\n\t\t\t\t\t\t\t\t\t\t\t<\/div>\n\t\t\t\t<\/div>\n\t\t\t\t<nav itemscope=\"itemscope\" itemtype=\"https:\/\/schema.org\/SiteNavigationElement\" class=\"hfe-nav-menu__layout-horizontal hfe-nav-menu__submenu-arrow\" data-toggle-icon=\"\" data-close-icon=\"\" data-full-width=\"\">\n\t\t\t\t\t<ul id=\"menu-1-6c7b00fd\" class=\"hfe-nav-menu\"><li id=\"menu-item-989\" itemprop=\"name\" class=\"menu-item menu-item-type-post_type menu-item-object-page menu-item-home parent hfe-creative-menu\"><a href=\"https:\/\/rallyebaretous.fr\/\" itemprop=\"url\" class = \"hfe-menu-item\">Retour \u00e0 l&rsquo;accueil<\/a><\/li>\n<\/ul> \n\t\t\t\t<\/nav>\n\t\t\t<\/div>\n\t\t\t\t\t\t\t<\/div>\n\t\t\t\t<\/div>\n\t\t\t\t<\/div>\n\t\t\t\t\t<\/div>\n\t\t\t\t<\/div>\n\t\t<div class=\"elementor-element elementor-element-39c2bfe4 e-flex e-con-boxed e-con e-parent\" data-id=\"39c2bfe4\" data-element_type=\"container\" data-e-type=\"container\">\n\t\t\t\t\t<div class=\"e-con-inner\">\n\t\t\t\t<div class=\"elementor-element elementor-element-58dc603 elementor-widget elementor-widget-heading\" data-id=\"58dc603\" data-element_type=\"widget\" data-e-type=\"widget\" data-widget_type=\"heading.default\">\n\t\t\t\t<div class=\"elementor-widget-container\">\n\t\t\t\t\t<h1 class=\"elementor-heading-title elementor-size-default\">Carte acc\u00e8s<\/h1>\t\t\t\t<\/div>\n\t\t\t\t<\/div>\n\t\t\t\t\t<\/div>\n\t\t\t\t<\/div>\n\t\t<div class=\"elementor-element elementor-element-7a554d46 e-flex e-con-boxed e-con e-parent\" data-id=\"7a554d46\" data-element_type=\"container\" data-e-type=\"container\">\n\t\t\t\t\t<div class=\"e-con-inner\">\n\t\t\t\t<div class=\"elementor-element elementor-element-5715cb8f elementor-widget elementor-widget-pdf_viewer\" data-id=\"5715cb8f\" data-element_type=\"widget\" data-e-type=\"widget\" data-widget_type=\"pdf_viewer.default\">\n\t\t\t\t<div class=\"elementor-widget-container\">\n\t\t\t\t\t<iframe src=\"https:\/\/docs.google.com\/viewer?url=https:\/\/rallyebaretous.fr\/wp-content\/uploads\/2025\/04\/image.pdf&amp;embedded=true\" style=\"display: block; margin-left: auto; margin-right: auto; width: 1140px; height: 1000px;\" frameborder=\"1\" marginheight=\"0px\" marginwidth=\"0px\" allowfullscreen><\/iframe>\t\t\t\t<\/div>\n\t\t\t\t<\/div>\n\t\t\t\t\t<\/div>\n\t\t\t\t<\/div>\n\t\t\t\t<\/div>\n\t\t","protected":false},"excerpt":{"rendered":"<p>Ecurie des Monts &amp; Vall\u00e9es Facebook Instagram Youtube Menu Retour \u00e0 l&rsquo;accueil Carte acc\u00e8s<\/p>\n","protected":false},"author":1,"featured_media":0,"parent":0,"menu_order":0,"comment_status":"closed","ping_status":"closed","template":"","meta":{"footnotes":""},"class_list":["post-2348","page","type-page","status-publish","hentry"],"yoast_head":"<!-- This site is optimized with the Yoast SEO plugin v24.8.1 - https:\/\/yoast.com\/wordpress\/plugins\/seo\/ -->\n<title>Carte acc\u00e8s | Ecurie du Bar\u00e9tous<\/title>\n<meta name=\"robots\" content=\"index, follow, max-snippet:-1, max-image-preview:large, max-video-preview:-1\" \/>\n<link rel=\"canonical\" href=\"https:\/\/rallyebaretous.fr\/?page_id=2348\" \/>\n<meta property=\"og:locale\" content=\"fr_FR\" \/>\n<meta property=\"og:type\" content=\"article\" \/>\n<meta property=\"og:title\" content=\"Carte acc\u00e8s | Ecurie du Bar\u00e9tous\" \/>\n<meta property=\"og:description\" content=\"Ecurie des Monts &amp; Vall\u00e9es Facebook Instagram Youtube Menu Retour \u00e0 l&rsquo;accueil Carte acc\u00e8s\" \/>\n<meta property=\"og:url\" content=\"https:\/\/rallyebaretous.fr\/?page_id=2348\" \/>\n<meta property=\"og:site_name\" content=\"Ecurie du Bar\u00e9tous\" \/>\n<meta property=\"article:modified_time\" content=\"2026-05-01T18:40:18+00:00\" \/>\n<meta property=\"og:image\" content=\"https:\/\/rallyebaretous.fr\/wp-content\/uploads\/elementor\/thumbs\/logo-baretous-qmrjivaz1dmxjgmw7er98z38mx6n4bbi3a27n6je60.png\" \/>\n<meta name=\"twitter:card\" content=\"summary_large_image\" \/>\n<meta name=\"twitter:label1\" content=\"Dur\u00e9e de lecture estim\u00e9e\" \/>\n\t<meta name=\"twitter:data1\" content=\"1 minute\" \/>\n<script type=\"application\/ld+json\" class=\"yoast-schema-graph\">{\"@context\":\"https:\/\/schema.org\",\"@graph\":[{\"@type\":\"WebPage\",\"@id\":\"https:\/\/rallyebaretous.fr\/?page_id=2348\",\"url\":\"https:\/\/rallyebaretous.fr\/?page_id=2348\",\"name\":\"Carte acc\u00e8s | Ecurie du Bar\u00e9tous\",\"isPartOf\":{\"@id\":\"https:\/\/rallyebaretous.fr\/#website\"},\"primaryImageOfPage\":{\"@id\":\"https:\/\/rallyebaretous.fr\/?page_id=2348#primaryimage\"},\"image\":{\"@id\":\"https:\/\/rallyebaretous.fr\/?page_id=2348#primaryimage\"},\"thumbnailUrl\":\"https:\/\/rallyebaretous.fr\/wp-content\/uploads\/elementor\/thumbs\/logo-baretous-qmrjivaz1dmxjgmw7er98z38mx6n4bbi3a27n6je60.png\",\"datePublished\":\"2025-04-04T13:52:58+00:00\",\"dateModified\":\"2026-05-01T18:40:18+00:00\",\"breadcrumb\":{\"@id\":\"https:\/\/rallyebaretous.fr\/?page_id=2348#breadcrumb\"},\"inLanguage\":\"fr-FR\",\"potentialAction\":[{\"@type\":\"ReadAction\",\"target\":[\"https:\/\/rallyebaretous.fr\/?page_id=2348\"]}]},{\"@type\":\"ImageObject\",\"inLanguage\":\"fr-FR\",\"@id\":\"https:\/\/rallyebaretous.fr\/?page_id=2348#primaryimage\",\"url\":\"https:\/\/rallyebaretous.fr\/wp-content\/uploads\/elementor\/thumbs\/logo-baretous-qmrjivaz1dmxjgmw7er98z38mx6n4bbi3a27n6je60.png\",\"contentUrl\":\"https:\/\/rallyebaretous.fr\/wp-content\/uploads\/elementor\/thumbs\/logo-baretous-qmrjivaz1dmxjgmw7er98z38mx6n4bbi3a27n6je60.png\"},{\"@type\":\"BreadcrumbList\",\"@id\":\"https:\/\/rallyebaretous.fr\/?page_id=2348#breadcrumb\",\"itemListElement\":[{\"@type\":\"ListItem\",\"position\":1,\"name\":\"Accueil\",\"item\":\"https:\/\/rallyebaretous.fr\/\"},{\"@type\":\"ListItem\",\"position\":2,\"name\":\"Carte acc\u00e8s\"}]},{\"@type\":\"WebSite\",\"@id\":\"https:\/\/rallyebaretous.fr\/#website\",\"url\":\"https:\/\/rallyebaretous.fr\/\",\"name\":\"Rallye du Bar\u00e9tous\",\"description\":\"Championnat de France Tout-Terrain\",\"publisher\":{\"@id\":\"https:\/\/rallyebaretous.fr\/#organization\"},\"potentialAction\":[{\"@type\":\"SearchAction\",\"target\":{\"@type\":\"EntryPoint\",\"urlTemplate\":\"https:\/\/rallyebaretous.fr\/?s={search_term_string}\"},\"query-input\":{\"@type\":\"PropertyValueSpecification\",\"valueRequired\":true,\"valueName\":\"search_term_string\"}}],\"inLanguage\":\"fr-FR\"},{\"@type\":\"Organization\",\"@id\":\"https:\/\/rallyebaretous.fr\/#organization\",\"name\":\"Rallye du Bar\u00e9tous\",\"url\":\"https:\/\/rallyebaretous.fr\/\",\"logo\":{\"@type\":\"ImageObject\",\"inLanguage\":\"fr-FR\",\"@id\":\"https:\/\/rallyebaretous.fr\/#\/schema\/logo\/image\/\",\"url\":\"https:\/\/rallyebaretous.fr\/wp-content\/uploads\/2024\/04\/logo.webp\",\"contentUrl\":\"https:\/\/rallyebaretous.fr\/wp-content\/uploads\/2024\/04\/logo.webp\",\"width\":800,\"height\":267,\"caption\":\"Rallye du Bar\u00e9tous\"},\"image\":{\"@id\":\"https:\/\/rallyebaretous.fr\/#\/schema\/logo\/image\/\"}}]}<\/script>\n<!-- \/ Yoast SEO plugin. -->","yoast_head_json":{"title":"Carte acc\u00e8s | Ecurie du Bar\u00e9tous","robots":{"index":"index","follow":"follow","max-snippet":"max-snippet:-1","max-image-preview":"max-image-preview:large","max-video-preview":"max-video-preview:-1"},"canonical":"https:\/\/rallyebaretous.fr\/?page_id=2348","og_locale":"fr_FR","og_type":"article","og_title":"Carte acc\u00e8s | Ecurie du Bar\u00e9tous","og_description":"Ecurie des Monts &amp; Vall\u00e9es Facebook Instagram Youtube Menu Retour \u00e0 l&rsquo;accueil Carte acc\u00e8s","og_url":"https:\/\/rallyebaretous.fr\/?page_id=2348","og_site_name":"Ecurie du Bar\u00e9tous","article_modified_time":"2026-05-01T18:40:18+00:00","og_image":[{"url":"https:\/\/rallyebaretous.fr\/wp-content\/uploads\/elementor\/thumbs\/logo-baretous-qmrjivaz1dmxjgmw7er98z38mx6n4bbi3a27n6je60.png","type":"","width":"","height":""}],"twitter_card":"summary_large_image","twitter_misc":{"Dur\u00e9e de lecture estim\u00e9e":"1 minute"},"schema":{"@context":"https:\/\/schema.org","@graph":[{"@type":"WebPage","@id":"https:\/\/rallyebaretous.fr\/?page_id=2348","url":"https:\/\/rallyebaretous.fr\/?page_id=2348","name":"Carte acc\u00e8s | Ecurie du Bar\u00e9tous","isPartOf":{"@id":"https:\/\/rallyebaretous.fr\/#website"},"primaryImageOfPage":{"@id":"https:\/\/rallyebaretous.fr\/?page_id=2348#primaryimage"},"image":{"@id":"https:\/\/rallyebaretous.fr\/?page_id=2348#primaryimage"},"thumbnailUrl":"https:\/\/rallyebaretous.fr\/wp-content\/uploads\/elementor\/thumbs\/logo-baretous-qmrjivaz1dmxjgmw7er98z38mx6n4bbi3a27n6je60.png","datePublished":"2025-04-04T13:52:58+00:00","dateModified":"2026-05-01T18:40:18+00:00","breadcrumb":{"@id":"https:\/\/rallyebaretous.fr\/?page_id=2348#breadcrumb"},"inLanguage":"fr-FR","potentialAction":[{"@type":"ReadAction","target":["https:\/\/rallyebaretous.fr\/?page_id=2348"]}]},{"@type":"ImageObject","inLanguage":"fr-FR","@id":"https:\/\/rallyebaretous.fr\/?page_id=2348#primaryimage","url":"https:\/\/rallyebaretous.fr\/wp-content\/uploads\/elementor\/thumbs\/logo-baretous-qmrjivaz1dmxjgmw7er98z38mx6n4bbi3a27n6je60.png","contentUrl":"https:\/\/rallyebaretous.fr\/wp-content\/uploads\/elementor\/thumbs\/logo-baretous-qmrjivaz1dmxjgmw7er98z38mx6n4bbi3a27n6je60.png"},{"@type":"BreadcrumbList","@id":"https:\/\/rallyebaretous.fr\/?page_id=2348#breadcrumb","itemListElement":[{"@type":"ListItem","position":1,"name":"Accueil","item":"https:\/\/rallyebaretous.fr\/"},{"@type":"ListItem","position":2,"name":"Carte acc\u00e8s"}]},{"@type":"WebSite","@id":"https:\/\/rallyebaretous.fr\/#website","url":"https:\/\/rallyebaretous.fr\/","name":"Rallye du Bar\u00e9tous","description":"Championnat de France Tout-Terrain","publisher":{"@id":"https:\/\/rallyebaretous.fr\/#organization"},"potentialAction":[{"@type":"SearchAction","target":{"@type":"EntryPoint","urlTemplate":"https:\/\/rallyebaretous.fr\/?s={search_term_string}"},"query-input":{"@type":"PropertyValueSpecification","valueRequired":true,"valueName":"search_term_string"}}],"inLanguage":"fr-FR"},{"@type":"Organization","@id":"https:\/\/rallyebaretous.fr\/#organization","name":"Rallye du Bar\u00e9tous","url":"https:\/\/rallyebaretous.fr\/","logo":{"@type":"ImageObject","inLanguage":"fr-FR","@id":"https:\/\/rallyebaretous.fr\/#\/schema\/logo\/image\/","url":"https:\/\/rallyebaretous.fr\/wp-content\/uploads\/2024\/04\/logo.webp","contentUrl":"https:\/\/rallyebaretous.fr\/wp-content\/uploads\/2024\/04\/logo.webp","width":800,"height":267,"caption":"Rallye du Bar\u00e9tous"},"image":{"@id":"https:\/\/rallyebaretous.fr\/#\/schema\/logo\/image\/"}}]}},"_links":{"self":[{"href":"https:\/\/rallyebaretous.fr\/index.php?rest_route=\/wp\/v2\/pages\/2348","targetHints":{"allow":["GET"]}}],"collection":[{"href":"https:\/\/rallyebaretous.fr\/index.php?rest_route=\/wp\/v2\/pages"}],"about":[{"href":"https:\/\/rallyebaretous.fr\/index.php?rest_route=\/wp\/v2\/types\/page"}],"author":[{"embeddable":true,"href":"https:\/\/rallyebaretous.fr\/index.php?rest_route=\/wp\/v2\/users\/1"}],"replies":[{"embeddable":true,"href":"https:\/\/rallyebaretous.fr\/index.php?rest_route=%2Fwp%2Fv2%2Fcomments&post=2348"}],"version-history":[{"count":7,"href":"https:\/\/rallyebaretous.fr\/index.php?rest_route=\/wp\/v2\/pages\/2348\/revisions"}],"predecessor-version":[{"id":4056,"href":"https:\/\/rallyebaretous.fr\/index.php?rest_route=\/wp\/v2\/pages\/2348\/revisions\/4056"}],"wp:attachment":[{"href":"https:\/\/rallyebaretous.fr\/index.php?rest_route=%2Fwp%2Fv2%2Fmedia&parent=2348"}],"curies":[{"name":"wp","href":"https:\/\/api.w.org\/{rel}","templated":true}]}}